{"id":918,"date":"2021-07-08T22:47:12","date_gmt":"2021-07-08T22:47:12","guid":{"rendered":"https:\/\/englishclasswithcheryl.com\/?page_id=918"},"modified":"2025-12-09T18:52:56","modified_gmt":"2025-12-09T18:52:56","slug":"testimonials","status":"publish","type":"page","link":"https:\/\/www.englishwithcheryl.ca\/fr\/testimonials\/","title":{"rendered":"Testimonials"},"content":{"rendered":"\n<div class=\"alignwide wp-block-ugb-container ugb-container ugb-e11af10 ugb-container--v2 ugb-container--design-basic ugb-main-block\"><div class=\"ugb-inner-block\"><div class=\"ugb-block-content\"><div class=\"ugb-container__wrapper ugb-e11af10-wrapper\"><div class=\"ugb-container__side\"><div class=\"ugb-container__content-wrapper ugb-e11af10-content-wrapper\">\n<div class=\"wp-block-media-text alignwide is-stacked-on-mobile is-vertically-aligned-top is-style-twentytwentyone-border\" style=\"grid-template-columns:35% auto\"><figure class=\"wp-block-media-text__media\"><img data-recalc-dims=\"1\" loading=\"lazy\" decoding=\"async\" width=\"384\" height=\"512\" src=\"https:\/\/i0.wp.com\/www.englishwithcheryl.ca\/wp-content\/uploads\/2025\/12\/Begum.jpg?resize=384%2C512&#038;ssl=1\" alt=\"\" class=\"wp-image-2210 size-medium\" srcset=\"https:\/\/i0.wp.com\/www.englishwithcheryl.ca\/wp-content\/uploads\/2025\/12\/Begum.jpg?w=384&amp;ssl=1 384w, https:\/\/i0.wp.com\/www.englishwithcheryl.ca\/wp-content\/uploads\/2025\/12\/Begum.jpg?resize=225%2C300&amp;ssl=1 225w, https:\/\/i0.wp.com\/www.englishwithcheryl.ca\/wp-content\/uploads\/2025\/12\/Begum.jpg?resize=9%2C12&amp;ssl=1 9w\" sizes=\"auto, (max-width: 384px) 100vw, 384px\" \/><\/figure><div class=\"wp-block-media-text__content\">\n<p class=\"has-small-font-size\"><em>I\u2019ve struggled with speaking English for many years. I\u2019ve taken lessons with many teachers, but for the first time, I\u2019ve continued classes regularly with someone for such a long period. Cheryl makes you feel truly comfortable with her communication style, so I always feel relaxed during our lessons. Our lessons feel natural and enjoyable, and sometimes I don\u2019t even notice how time passes. While I\u2019m speaking, she listens carefully and then gently corrects my mistakes afterwards. She is always friendly, positive, and interested. We never run out of things to talk about. I feel much more confident when speaking English now, and that is completely thanks to Cheryl!<br>&#8211; Beg\u00fcm \u00d6zel<\/em><\/p>\n\n\n\n<p class=\"has-small-font-size\"><em>Uzun y\u0131llard\u0131r \u0130ngilizce konu\u015fmada zorlan\u0131yordum. Pek \u00e7ok hocayla ders yapt\u0131m, fakat ilk kez bu kadar uzun s\u00fcre ve d\u00fczenli \u015fekilde derslere devam ediyorum. Cheryl ileti\u015fimiyle insan\u0131 ger\u00e7ekten \u00e7ok rahatlatan biri ve derslerde kendimi rahat hissediyorum. Dersler o kadar ak\u0131c\u0131 ge\u00e7iyor ki zaman\u0131n nas\u0131l ge\u00e7ti\u011fini anlam\u0131yorum. Konu\u015fma s\u0131ras\u0131nda beni dikkatle dinliyor ve hatalar\u0131m\u0131 sonras\u0131nda nazik\u00e7e d\u00fczeltiyor. Her zaman g\u00fcler y\u00fczl\u00fc ve \u00e7ok ilgili. Her derste konu\u015facak bir \u015feylerimiz mutlaka oluyor. Art\u0131k \u0130ngilizce konu\u015furken \u00e7ok daha \u00f6zg\u00fcvenli hissediyorum ve bu tamamen Cheryl\u2019\u0131n sayesinde!<\/em><\/p>\n<\/div><\/div>\n\n\n\n<div class=\"wp-block-media-text alignwide is-stacked-on-mobile is-vertically-aligned-top is-style-twentytwentyone-border\" style=\"grid-template-columns:28% auto\"><figure class=\"wp-block-media-text__media\"><img data-recalc-dims=\"1\" loading=\"lazy\" decoding=\"async\" width=\"225\" height=\"300\" src=\"https:\/\/i0.wp.com\/www.englishwithcheryl.ca\/wp-content\/uploads\/2025\/02\/Gizem_Ozkan_Photo1.jpeg?resize=225%2C300&#038;ssl=1\" alt=\"\" class=\"wp-image-1618 size-medium\" srcset=\"https:\/\/i0.wp.com\/www.englishwithcheryl.ca\/wp-content\/uploads\/2025\/02\/Gizem_Ozkan_Photo1.jpeg?resize=225%2C300&amp;ssl=1 225w, https:\/\/i0.wp.com\/www.englishwithcheryl.ca\/wp-content\/uploads\/2025\/02\/Gizem_Ozkan_Photo1.jpeg?resize=768%2C1024&amp;ssl=1 768w, https:\/\/i0.wp.com\/www.englishwithcheryl.ca\/wp-content\/uploads\/2025\/02\/Gizem_Ozkan_Photo1.jpeg?resize=1152%2C1536&amp;ssl=1 1152w, https:\/\/i0.wp.com\/www.englishwithcheryl.ca\/wp-content\/uploads\/2025\/02\/Gizem_Ozkan_Photo1.jpeg?resize=9%2C12&amp;ssl=1 9w, https:\/\/i0.wp.com\/www.englishwithcheryl.ca\/wp-content\/uploads\/2025\/02\/Gizem_Ozkan_Photo1.jpeg?w=1200&amp;ssl=1 1200w\" sizes=\"auto, (max-width: 225px) 100vw, 225px\" \/><\/figure><div class=\"wp-block-media-text__content\">\n<p class=\"has-small-font-size\"><em>I was stuck at the same level in English. I knew I made many mistakes in various areas, and it was really hard for me to express myself fluently in English. Cheryl really helped me with this. She is an excellent listener and follows her students very well. She makes me feel comfortable when speaking English and gives me advice on how to improve. We fixed many grammar mistakes that I had been repeating without realizing. She also helped me reinforce what I had learned through the right exercises. Additionally, she is a friendly and sincere person, which makes me feel comfortable and enjoy the lessons with her. Thank you, Cheryl!<br>&#8211; Gizem \u00d6zkan&nbsp;<br><br>\u0130ngilizcede belli bir seviyede s\u0131k\u0131\u015f\u0131p kalm\u0131\u015ft\u0131m. Bir\u00e7ok konuda hata yapt\u0131\u011f\u0131m\u0131 biliyordum ve kendimi daha ak\u0131c\u0131 bir \u015fekilde ifade etmekte zorlan\u0131yordum. Cheryl, bu konuda bana ger\u00e7ekten \u00e7ok yard\u0131mc\u0131 oldu. O, m\u00fckemmel bir dinleyici ve \u00f6\u011frencisini \u00e7ok iyi takip eden biri. Konu\u015furken beni rahatlat\u0131yor ve geli\u015fmem i\u00e7in stratejiler veriyor. Daha \u00f6nce s\u00fcrekli tekrar etti\u011fim ama fark\u0131nda olmad\u0131\u011f\u0131m bir\u00e7ok dil bilgisi hatalar\u0131m\u0131 d\u00fczelttik. Ayr\u0131ca do\u011fru al\u0131\u015ft\u0131rmalarla \u00f6\u011frendiklerimi peki\u015ftirmemi sa\u011flad\u0131. Ayr\u0131ca, \u00e7ok <em>g\u00fcler y\u00fczl\u00fc ve samimi birisi, bu y\u00fczden onunla ders yaparken kendimi \u00e7ok rahat ve keyifli hissediyorum. Te\u015fekk\u00fcrler Cheryl!<\/em><\/em><\/p>\n<\/div><\/div>\n\n\n\n<div class=\"wp-block-media-text alignwide has-media-on-the-right is-stacked-on-mobile is-vertically-aligned-top is-style-twentytwentyone-border\" style=\"grid-template-columns:auto 34%\"><div class=\"wp-block-media-text__content\">\n<p class=\"has-small-font-size\"> <em>B<em>efore taking English classes with Cheryl, I didn&#8217;t feel comfortable having a conversation. I was scared of not speaking well enough and making mistakes. Cheryl&#8217;s lessons really helped me out a lot. Thanks to her, I can speak without fear. Her lessons are interactive, she makes me feel at ease and covers interesting and current topics. If you have any specific topics you want to discuss, you just have to say it and she&#8217;ll adapt. In addition to being competent and attentive, Cheryl is very funny and friendly. If you&#8217;re looking to practice your English, feel more comfortable and learn useful vocabulary, you should go to Cheryl &#8211; you&#8217;ll even have fun doing it! I recommend it 100%.<\/em><\/em><br><em>&#8211; Mathilde Beaufils<\/em><br><br><em>Avant de prendre des cours avec Cheryl, je ne me sentais pas \u00e0 l&#8217;aise pour avoir une conversation en anglais. J&#8217;avais peur de ne pas parler assez bien et de faire des erreurs. Les le\u00e7ons de Cheryl m&#8217;ont vraiment beaucoup aid\u00e9. Gr\u00e2ce \u00e0 elle, je peux parler sans crainte. Ses le\u00e7ons sont interactives, elle me met \u00e0 l&#8217;aise et aborde des sujets int\u00e9ressants et actuels. Si tu as des sujets sp\u00e9cifiques que tu veux aborder, tu n&#8217;as qu&#8217;\u00e0 le dire et elle s&#8217;adaptera. En plus d&#8217;\u00eatre comp\u00e9tente et \u00e0 l&#8217;\u00e9coute, Cheryl est tr\u00e8s dr\u00f4le et sympathique. Si tu cherches \u00e0 pratiquer ton anglais, \u00e0 te sentir plus \u00e0 l&#8217;aise et \u00e0 apprendre du vocabulaire utile, c&#8217;est \u00e0 Cheryl que tu dois t&#8217;adresser, en plus tu vas le faire en ayant du fun ! Je recommande \u00e0 100%.<\/em><\/p>\n<\/div><figure class=\"wp-block-media-text__media\"><img data-recalc-dims=\"1\" loading=\"lazy\" decoding=\"async\" width=\"750\" height=\"750\" src=\"https:\/\/i0.wp.com\/www.englishwithcheryl.ca\/wp-content\/uploads\/2023\/03\/Mathilde-2.jpg?resize=750%2C750&#038;ssl=1\" alt=\"\" class=\"wp-image-1137 size-full\" srcset=\"https:\/\/i0.wp.com\/www.englishwithcheryl.ca\/wp-content\/uploads\/2023\/03\/Mathilde-2.jpg?w=750&amp;ssl=1 750w, https:\/\/i0.wp.com\/www.englishwithcheryl.ca\/wp-content\/uploads\/2023\/03\/Mathilde-2.jpg?resize=300%2C300&amp;ssl=1 300w, https:\/\/i0.wp.com\/www.englishwithcheryl.ca\/wp-content\/uploads\/2023\/03\/Mathilde-2.jpg?resize=150%2C150&amp;ssl=1 150w\" sizes=\"auto, (max-width: 750px) 100vw, 750px\" \/><\/figure><\/div>\n\n\n\n<div class=\"wp-block-media-text alignwide is-stacked-on-mobile is-style-twentytwentyone-border\" style=\"grid-template-columns:25% auto\"><figure class=\"wp-block-media-text__media\"><img data-recalc-dims=\"1\" loading=\"lazy\" decoding=\"async\" width=\"724\" height=\"1024\" src=\"https:\/\/i0.wp.com\/www.englishwithcheryl.ca\/wp-content\/uploads\/2021\/07\/MonicaTong-724x1024.jpeg?resize=724%2C1024\" alt=\"English student\" class=\"wp-image-923 size-full\" srcset=\"https:\/\/i0.wp.com\/www.englishwithcheryl.ca\/wp-content\/uploads\/2021\/07\/MonicaTong.jpeg?resize=724%2C1024&amp;ssl=1 724w, https:\/\/i0.wp.com\/www.englishwithcheryl.ca\/wp-content\/uploads\/2021\/07\/MonicaTong.jpeg?resize=212%2C300&amp;ssl=1 212w, https:\/\/i0.wp.com\/www.englishwithcheryl.ca\/wp-content\/uploads\/2021\/07\/MonicaTong.jpeg?resize=768%2C1087&amp;ssl=1 768w, https:\/\/i0.wp.com\/www.englishwithcheryl.ca\/wp-content\/uploads\/2021\/07\/MonicaTong.jpeg?resize=1085%2C1536&amp;ssl=1 1085w, https:\/\/i0.wp.com\/www.englishwithcheryl.ca\/wp-content\/uploads\/2021\/07\/MonicaTong.jpeg?w=1125&amp;ssl=1 1125w\" sizes=\"auto, (max-width: 724px) 100vw, 724px\" \/><\/figure><div class=\"wp-block-media-text__content\">\n<p class=\"has-small-font-size\"><em>Cheryl is one of the most talented, creative teachers I\u2018ve ever had in my life. She is also a great listener, making me feel comfortable when I express myself. She inspired me a lot on points that I overlooked in my English study; for example, North American culture, rhythm, intonation etc. I strongly recommend Cheryl as your private English teacher.<\/em>        <br><em>&#8211; Monica Tong<\/em><\/p>\n\n\n\n<p class=\"has-small-font-size\">\u8c22\u4e3d\u5c14(Cheryl) \u662f\u4f4d\u975e\u5e38\u6709\u6c9f\u901a\u5929\u5206\uff0c\u6709\u8da3\u800c\u4e14\u8d1f\u8d23\u7684\u8001\u5e08\u3002\u8ddf\u5979\u5b66\u4e60\u65f6\u95f4\u8fc7\u5f97\u5f88\u5feb\uff0c\u5979\u603b\u80fd\u4e00\u9488\u89c1\u8840\u6307\u51fa\u6211\u82f1\u8bed\u7684\u95ee\u9898\uff0c\u800c\u4e14\u5979\u7684\u5b66\u4e60\u65b9\u6cd5\u5145\u6ee1\u521b\u610f\u8da3\u5473\u3002<br><br><\/p>\n<\/div><\/div>\n\n\n\n<div class=\"wp-block-media-text alignwide has-media-on-the-right is-stacked-on-mobile is-style-twentytwentyone-border\" style=\"grid-template-columns:auto 33%\"><div class=\"wp-block-media-text__content\">\n<p class=\"has-small-font-size\"> <em>Like many Chinese adult students, I have always struggled with English pronunciation. Luckily I got help from Cheryl, who corrected my pronunciation, word by word, and coached me about word linking and stressing. Those tips helped me speak smoothly and sound more natural.&nbsp;After our sessions, not only was my pronunciation improved, but also my confidence. In fact, I even won first place for my very first speech at McGill Toastmasters in Montreal.&nbsp; Thank you, Cheryl!<\/em>     <br><em>&#8211; Julia Du<\/em><br><br>\u5173\u4e8e\u82f1\u8bed\u7684\u5b66\u4e60\uff0c\u50cf\u8bb8\u591a\u4e2d\u56fd\u6210\u4eba\u5b66\u751f\u4e00\u6837\uff0c\u82f1\u8bed\u7684\u53d1\u97f3\u662f\u4e2a\u5de8\u5927\u7684\u6311\u6218\uff0c\u5e76\u957f\u65f6\u95f4\u56f0\u6270\u6211\u3002\u5e78\u8fd0\u7684\u662fCheryl\u8001\u5e08\u5bf9\u6b64\u7ed9\u4e88\u4e86\u6211\u5de8\u5927\u7684\u5e2e\u52a9\u3002\u5979\u9010\u5b57\u9010\u53e5\u5730\u5e2e\u6211\u7ea0\u6b63\u53d1\u97f3,\u6559\u4f1a\u6211\u8bcd\u548c\u8bcd\u4e4b\u95f4\u7684\u8bfb\u97f3\u8fde\u63a5\u548c\u8f7b\u91cd\u97f3\uff0c\u8fd9\u4e9b\u53d1\u97f3\u6280\u5de7\u4f7f\u6211\u7684\u82f1\u6587\u542c\u8d77\u6765\u66f4\u81ea\u7136\u6d41\u7545\u3002\u8fd9\u4e9b\u6709\u9488\u5bf9\u6027\u7684\u8bad\u7ec3,&nbsp;\u4e0d\u4ec5\u7ea0\u6b63\u548c\u6539\u8fdb\u4e86\u6211\u7684\u53d1\u97f3\uff0c\u800c\u4e14\u6211\u8bf4\u8bdd\u65f6\u81ea\u4fe1\u4e5f\u63d0\u9ad8\u4e86\uff0c\u81ea\u4fe1\u53ef\u662f\u63d0\u9ad8\u82f1\u6587\u5bf9\u8bdd\u6c34\u5e73\u7684\u5173\u952e\u54e6\u3002\u800c\u4e14\u4ee4\u4eba\u96be\u4ee5\u7f6e\u4fe1\u7684\u662f\uff0c\u6211\u5728\u9ea6\u5409\u5c14\u5927\u5b66TMC\u82f1\u6587\u6f14\u8bb2\u4ff1\u4e50\u90e8\u4e2d\u83b7\u5f97\u9996\u79c0\u4e00\u7b49\u5956\u3002\u611f\u8c22&nbsp;Cheryl!<\/p>\n<\/div><figure class=\"wp-block-media-text__media\"><img data-recalc-dims=\"1\" loading=\"lazy\" decoding=\"async\" width=\"720\" height=\"960\" src=\"https:\/\/i0.wp.com\/www.englishwithcheryl.ca\/wp-content\/uploads\/2021\/07\/Julia-Du.jpg?resize=720%2C960\" alt=\"English student\" class=\"wp-image-927 size-full\" srcset=\"https:\/\/i0.wp.com\/www.englishwithcheryl.ca\/wp-content\/uploads\/2021\/07\/Julia-Du.jpg?w=720&amp;ssl=1 720w, https:\/\/i0.wp.com\/www.englishwithcheryl.ca\/wp-content\/uploads\/2021\/07\/Julia-Du.jpg?resize=225%2C300&amp;ssl=1 225w\" sizes=\"auto, (max-width: 720px) 100vw, 720px\" \/><\/figure><\/div>\n\n\n\n<div class=\"wp-block-media-text alignwide is-stacked-on-mobile is-style-twentytwentyone-border\" style=\"grid-template-columns:25% auto\"><figure class=\"wp-block-media-text__media\"><img data-recalc-dims=\"1\" loading=\"lazy\" decoding=\"async\" width=\"747\" height=\"1024\" src=\"https:\/\/i0.wp.com\/www.englishwithcheryl.ca\/wp-content\/uploads\/2021\/08\/FlorentCherylCROP-747x1024.jpg?resize=747%2C1024\" alt=\"English student\" class=\"wp-image-941 size-full\" srcset=\"https:\/\/i0.wp.com\/www.englishwithcheryl.ca\/wp-content\/uploads\/2021\/08\/FlorentCherylCROP.jpg?resize=747%2C1024&amp;ssl=1 747w, https:\/\/i0.wp.com\/www.englishwithcheryl.ca\/wp-content\/uploads\/2021\/08\/FlorentCherylCROP.jpg?resize=219%2C300&amp;ssl=1 219w, https:\/\/i0.wp.com\/www.englishwithcheryl.ca\/wp-content\/uploads\/2021\/08\/FlorentCherylCROP.jpg?resize=768%2C1053&amp;ssl=1 768w, https:\/\/i0.wp.com\/www.englishwithcheryl.ca\/wp-content\/uploads\/2021\/08\/FlorentCherylCROP.jpg?resize=1120%2C1536&amp;ssl=1 1120w, https:\/\/i0.wp.com\/www.englishwithcheryl.ca\/wp-content\/uploads\/2021\/08\/FlorentCherylCROP.jpg?w=1456&amp;ssl=1 1456w\" sizes=\"auto, (max-width: 747px) 100vw, 747px\" \/><\/figure><div class=\"wp-block-media-text__content\">\n<p class=\"has-small-font-size\"> <em>I joined Toastmasters in order to improve my communication skills and I was very fortunate&nbsp; to have Cheryl as my coach. She devoted time and patience to provide insightful feedback before and after my speeches. I really enjoyed upgrading my skills at a meaningful pace. Thank you very much, Cheryl.&nbsp;<\/em><br><em>&#8211; Florent Lado<\/em>,<em> PhD, MBA<\/em><br><br><em>Cheryl est une coach d\u00e9vou\u00e9e qui vous aide \u00e0 aborder les difficult\u00e9s une \u00e9tape \u00e0 la fois et \u00e0 b\u00e2tir sur vos forces pour progresser dans l&#8217;apprentissage de la communication en anglais.<\/em> <\/p>\n<\/div><\/div>\n\n\n\n<div class=\"wp-block-media-text alignwide has-media-on-the-right is-stacked-on-mobile is-style-twentytwentyone-border\" style=\"grid-template-columns:auto 31%\"><div class=\"wp-block-media-text__content\">\n<p class=\"has-small-font-size\"><em>Cheryl has been my English teacher for many years. As a Spanish speaker, my mind reverts back to Spanish. My conversation sessions with Cheryl help me keep my English in top shape.<\/em> <em>As important as grammar, pronunciation, and sentence structure is, the main benefit of working with Cheryl is the building of my self-confidence when I speak English.&nbsp;<\/em><\/p>\n\n\n\n<p class=\"has-small-font-size\"><em>Cheryl me ha ayudado con la gramaria, la pronunciacion y la estructura de fraces, pero el beneficio mas grande que he obtenido estudiando con Cheryl es la aumentacion de confianza en mi mismo cuando hablo ingles.<\/em><\/p>\n\n\n\n<p class=\"has-small-font-size\">&#8211;<em>Alain Guillot<\/em>,<em> from The&nbsp;<a href=\"https:\/\/www.alainguillot.com\/\" target=\"_blank\" rel=\"noreferrer noopener\">Alain Guillot Podcast<\/a>.<\/em><\/p>\n<\/div><figure class=\"wp-block-media-text__media\"><img data-recalc-dims=\"1\" decoding=\"async\" src=\"https:\/\/i0.wp.com\/www.englishwithcheryl.ca\/wp-content\/uploads\/2021\/06\/Alain-1.jpg?w=750\" alt=\"English student\" class=\"wp-image-880 size-full\"\/><\/figure><\/div>\n<\/div><\/div><\/div><\/div><\/div><\/div>\n\n\n\n<div class=\"wp-block-columns alignwide has-background is-layout-flex wp-container-core-columns-is-layout-9d6595d7 wp-block-columns-is-layout-flex\" style=\"background-color:#e1e09c\">\n<div class=\"wp-block-column is-layout-flow wp-block-column-is-layout-flow\">\n<p><strong>&nbsp;Subscribe for English tips, tricks, news<\/strong><\/p>\n\n\n\n<div id=\"mc_embed_shell\">\r\n    <!-- Mailchimp CSS for the form -->\r\n    <link href=\"\/\/cdn-images.mailchimp.com\/embedcode\/classic-061523.css\" rel=\"stylesheet\" type=\"text\/css\">\r\n\r\n    <style type=\"text\/css\">\r\n        #mc_embed_signup {\r\n            background: #e1e09c; \/* Updated background color *\/\r\n            clear: left;\r\n            font: 14px Helvetica, Arial, sans-serif;\r\n            width: 100%; \/* Responsive width *\/\r\n            box-sizing: border-box; \/* Ensure padding and borders are included in the width *\/\r\n        }\r\n\r\n        \/* Make form elements responsive *\/\r\n        .mc-field-group input {\r\n            width: 100%;\r\n            max-width: 100%; \/* Prevent inputs from exceeding the container width *\/\r\n            box-sizing: border-box;\r\n        }\r\n\r\n        .mc-field-group {\r\n            margin-bottom: 10px;\r\n        }\r\n\r\n        \/* Style the footer to align items (including the button) *\/\r\n        .foot {\r\n            display: flex;\r\n            justify-content: flex-end; \/* Aligns the button to the right *\/\r\n            align-items: center;\r\n        }\r\n\r\n        \/* Optional styling for the button *\/\r\n        .button {\r\n            padding: 10px 20px;\r\n            background-color: #5c5c5c;\r\n            color: white;\r\n            border: none;\r\n            cursor: pointer;\r\n        }\r\n\r\n        .button:hover {\r\n            background-color: #333;\r\n        }\r\n\r\n        \/* Styling for the disclaimer text *\/\r\n        .disclaimer-text {\r\n            margin-top: 10px;\r\n            font-size: 13px; \/* Increased font size by one point *\/\r\n            color: #333;\r\n        }\r\n    <\/style>\r\n\r\n    <div id=\"mc_embed_signup\">\r\n        <form action=\"https:\/\/EnglishWithCheryl.us11.list-manage.com\/subscribe\/post?u=933fe161c2bf312b482b36b04&amp;id=7237056053&amp;f_id=0010bae0f0\"\r\n              method=\"post\" \r\n              id=\"mc-embedded-subscribe-form\" \r\n              name=\"mc-embedded-subscribe-form\" \r\n              class=\"validate\" \r\n              target=\"_blank\">\r\n\r\n            <div id=\"mc_embed_signup_scroll\">\r\n\r\n                <div class=\"indicates-required\">\r\n                    <span class=\"asterisk\">*<\/span> indicates required\r\n                <\/div>\r\n\r\n                <div class=\"mc-field-group\">\r\n                    <label for=\"mce-FNAME\">First Name <\/label>\r\n                    <input type=\"text\" name=\"FNAME\" class=\"text\" id=\"mce-FNAME\" value=\"\">\r\n                <\/div>\r\n\r\n                <div class=\"mc-field-group\">\r\n                    <label for=\"mce-EMAIL\">Email Address <span class=\"asterisk\">*<\/span><\/label>\r\n                    <input type=\"email\" name=\"EMAIL\" class=\"required email\" id=\"mce-EMAIL\" required=\"\" value=\"\">\r\n                <\/div>\r\n\r\n                <!-- Disclaimer Text -->\r\n                <div class=\"disclaimer-text\">\r\n                    By submitting your information, you&#8217;re giving us permission to email you. You may unsubscribe at any time.\r\n                <\/div>\r\n\r\n                <div id=\"mce-responses\" class=\"clear foot\">\r\n                    <div class=\"response\" id=\"mce-error-response\" style=\"display: none;\"><\/div>\r\n                    <div class=\"response\" id=\"mce-success-response\" style=\"display: none;\"><\/div>\r\n                <\/div>\r\n\r\n                <div aria-hidden=\"true\" style=\"position: absolute; left: -5000px;\">\r\n                    <!-- Hidden field to prevent bot signups -->\r\n                    <input type=\"text\" name=\"b_933fe161c2bf312b482b36b04_7237056053\" tabindex=\"-1\" value=\"\">\r\n                <\/div>\r\n\r\n                <div class=\"optionalParent\">\r\n                    <div class=\"clear foot\">\r\n                        <input type=\"submit\" name=\"subscribe\" id=\"mc-embedded-subscribe\" class=\"button\" value=\"Subscribe\">\r\n                    <\/div>\r\n                <\/div>\r\n            <\/div>\r\n        <\/form>\r\n    <\/div>\r\n\r\n    <!-- Mailchimp JavaScript for form validation -->\r\n    <script type=\"text\/javascript\" src=\"\/\/s3.amazonaws.com\/downloads.mailchimp.com\/js\/mc-validate.js\"><\/script>\r\n    <script type=\"text\/javascript\">\r\n        (function($) {\r\n            window.fnames = new Array(); \r\n            window.ftypes = new Array();\r\n            fnames[1] = 'FNAME'; ftypes[1] = 'text';\r\n            fnames[0] = 'EMAIL'; ftypes[0] = 'email';\r\n            fnames[2] = 'LNAME'; ftypes[2] = 'text';\r\n            fnames[3] = 'ADDRESS'; ftypes[3] = 'address';\r\n            fnames[4] = 'PHONE'; ftypes[4] = 'phone';\r\n            fnames[5] = 'BIRTHDAY'; ftypes[5] = 'birthday';\r\n        }(jQuery));\r\n        var $mcj = jQuery.noConflict(true);\r\n    <\/script>\r\n<\/div>\n<\/div>\n\n\n\n<div class=\"wp-block-column is-layout-flow wp-block-column-is-layout-flow\">\n<figure class=\"wp-block-image size-full is-resized\"><img data-recalc-dims=\"1\" loading=\"lazy\" decoding=\"async\" width=\"750\" height=\"750\" src=\"https:\/\/i0.wp.com\/www.englishwithcheryl.ca\/wp-content\/uploads\/2024\/02\/03.jpg?resize=750%2C750&#038;ssl=1\" alt=\"\" class=\"wp-image-1219\" style=\"width:425px;height:auto\" srcset=\"https:\/\/i0.wp.com\/www.englishwithcheryl.ca\/wp-content\/uploads\/2024\/02\/03.jpg?w=800&amp;ssl=1 800w, https:\/\/i0.wp.com\/www.englishwithcheryl.ca\/wp-content\/uploads\/2024\/02\/03.jpg?resize=300%2C300&amp;ssl=1 300w, https:\/\/i0.wp.com\/www.englishwithcheryl.ca\/wp-content\/uploads\/2024\/02\/03.jpg?resize=150%2C150&amp;ssl=1 150w, https:\/\/i0.wp.com\/www.englishwithcheryl.ca\/wp-content\/uploads\/2024\/02\/03.jpg?resize=768%2C768&amp;ssl=1 768w, https:\/\/i0.wp.com\/www.englishwithcheryl.ca\/wp-content\/uploads\/2024\/02\/03.jpg?resize=12%2C12&amp;ssl=1 12w\" sizes=\"auto, (max-width: 750px) 100vw, 750px\" \/><\/figure>\n<\/div>\n<\/div>\n","protected":false},"excerpt":{"rendered":"<p>I\u2019ve struggled with speaking English for many years. I\u2019ve taken lessons with many teachers, but for the first time, I\u2019ve continued classes regularly with someone for such a long period. Cheryl makes you feel truly comfortable with her communication style, so I always feel relaxed during our lessons. Our lessons feel natural and enjoyable, and&hellip; <a class=\"more-link\" href=\"https:\/\/www.englishwithcheryl.ca\/fr\/testimonials\/\">Continue reading <span class=\"screen-reader-text\">Testimonials<\/span><\/a><\/p>","protected":false},"author":1,"featured_media":0,"parent":0,"menu_order":0,"comment_status":"closed","ping_status":"closed","template":"","meta":{"jetpack_post_was_ever_published":false,"footnotes":""},"class_list":["post-918","page","type-page","status-publish","hentry","entry"],"featured_image_urls_v2":{"full":"","thumbnail":"","medium":"","medium_large":"","large":"","1536x1536":"","2048x2048":"","trp-custom-language-flag":"","post-thumbnail":""},"post_excerpt_stackable_v2":"<p>I\u2019ve struggled with speaking English for many years. I\u2019ve taken lessons with many teachers, but for the first time, I\u2019ve continued classes regularly with someone for such a long period. Cheryl makes you feel truly comfortable with her communication style, so I always feel relaxed during our lessons. Our lessons feel natural and enjoyable, and sometimes I don\u2019t even notice how time passes. While I\u2019m speaking, she listens carefully and then gently corrects my mistakes afterwards. She is always friendly, positive, and interested. We never run out of things to talk about. I feel much more confident when speaking English&hellip;<\/p>\n","category_list_v2":"","author_info_v2":{"name":"CherylRocks","url":"https:\/\/www.englishwithcheryl.ca\/fr\/author\/cherylrocks\/"},"comments_num_v2":"0 comments","jetpack_sharing_enabled":true,"_links":{"self":[{"href":"https:\/\/www.englishwithcheryl.ca\/fr\/wp-json\/wp\/v2\/pages\/918","targetHints":{"allow":["GET"]}}],"collection":[{"href":"https:\/\/www.englishwithcheryl.ca\/fr\/wp-json\/wp\/v2\/pages"}],"about":[{"href":"https:\/\/www.englishwithcheryl.ca\/fr\/wp-json\/wp\/v2\/types\/page"}],"author":[{"embeddable":true,"href":"https:\/\/www.englishwithcheryl.ca\/fr\/wp-json\/wp\/v2\/users\/1"}],"replies":[{"embeddable":true,"href":"https:\/\/www.englishwithcheryl.ca\/fr\/wp-json\/wp\/v2\/comments?post=918"}],"version-history":[{"count":4,"href":"https:\/\/www.englishwithcheryl.ca\/fr\/wp-json\/wp\/v2\/pages\/918\/revisions"}],"predecessor-version":[{"id":2211,"href":"https:\/\/www.englishwithcheryl.ca\/fr\/wp-json\/wp\/v2\/pages\/918\/revisions\/2211"}],"wp:attachment":[{"href":"https:\/\/www.englishwithcheryl.ca\/fr\/wp-json\/wp\/v2\/media?parent=918"}],"curies":[{"name":"wp","href":"https:\/\/api.w.org\/{rel}","templated":true}]}}